{"id":638,"date":"2015-09-24T14:07:06","date_gmt":"2015-09-24T14:07:06","guid":{"rendered":"http:\/\/agence-redback.fr\/clients\/maisonnum\/demo1\/?page_id=638"},"modified":"2021-06-03T13:40:19","modified_gmt":"2021-06-03T12:40:19","slug":"nos-offres","status":"publish","type":"page","link":"http:\/\/maison-numerique.com\/Normande\/nos-offres\/","title":{"rendered":"Nos offres"},"content":{"rendered":"<p style=\"text-align: justify;\"><div class=\"page-missions-container\"><div class=\"page-missions\"><div class=\"page-missions-filigrane\">NOS OFFRES<\/div><div class=\"page-missions-title\">NOS OFFRES<\/div><div class=\"page-missions-sep\"><\/div><div class=\"page-missions-content\">\n<div class=\"partenaire-grille-logos\"><div class=\"page-missions-subtitle\">Vocation de la Maison Num\u00e9rique Connect\u00e9e Normande<\/div><div class=\"page-missions-text\"><\/div>\n<ul>\n<li style=\"text-align: justify;\">Organisation de <strong>s\u00e9minaires<\/strong><\/li>\n<li style=\"text-align: justify;\">Banc d&#8217;essai et <strong>tests<\/strong> de\u00a0fonctionnalit\u00e9, d&#8217;ergonomie, de design<\/li>\n<li style=\"text-align: justify;\"><strong>Mise en relation de l&#8217;offre et de la demande<\/strong> tout en assurant les <strong>d\u00e9monstrations<\/strong><\/li>\n<li style=\"text-align: justify;\">Aide \u00e0 la <strong>formation des professionnels<\/strong><\/li>\n<li style=\"text-align: justify;\"><strong>Promotion des startups<\/strong> fran\u00e7aises innovantes<\/li>\n<li style=\"text-align: justify;\"><strong>Financement<\/strong> des projets<\/li>\n<li style=\"text-align: justify;\"><strong>Focus groups<\/strong><\/li>\n<\/ul>\n<\/div>\n<p>&nbsp;<\/p>\n<div class=\"page-missions-col-33\">\n<img loading=\"lazy\" decoding=\"async\" class=\"wp-image-1275 aligncenter\" src=\"http:\/\/maison-numerique.com\/Normande\/wp-content\/uploads\/2015\/09\/organisation-seminaires.jpg\" alt=\"organisation seminaires\" width=\"298\" height=\"199\" \/><\/p>\n<p style=\"text-align: center;\"><strong>Organisation de s\u00e9minaire<\/strong><\/p>\n<p class=\"p1\" style=\"text-align: center;\"><span class=\"s1\">Nous organisons des s\u00e9minaires et r\u00e9unions de travail de 10 \u00e0 25 personnes.<\/span><\/p>\n<div class=\"page-missions-content-grey\" style=\"text-align: center; border-radius: 7px; text-decoration: none;\"><a style=\"color: #fff; text-decoration: none;\" href=\"http:\/\/maison-numerique.com\/Normande\/contact\/\">Nous contacter<\/a><\/div>\n<\/div>\n<div class=\"page-missions-col-33\">\n<a href=\"http:\/\/maison-numerique.com\/Normande\/wp-content\/uploads\/2015\/09\/Brochures-accueil-services-tarif-s\u00e9minaire-MNC-2016.pdf\" target=\"_blank\" rel=\"noopener noreferrer\"><img decoding=\"async\" class=\"size-full wp-image-2527 aligncenter\" src=\"http:\/\/maison-numerique.com\/Normande\/wp-content\/uploads\/2015\/09\/tarifsPrestationMNN.png\" alt=\"Prestations Maison Num\u00e9rique Connect\u00e9e\" height=\"250\" srcset=\"http:\/\/maison-numerique.com\/Normande\/wp-content\/uploads\/2015\/09\/tarifsPrestationMNN.png 557w, http:\/\/maison-numerique.com\/Normande\/wp-content\/uploads\/2015\/09\/tarifsPrestationMNN-235x300.png 235w\" sizes=\"(max-width: 557px) 100vw, 557px\" \/><\/a><\/p>\n<p>&nbsp;<\/p>\n<div class=\"page-missions-content-grey\" style=\"text-align: center; border-radius: 7px; text-decoration: none;\"><a style=\"color: #fff; text-decoration: none;\" href=\"http:\/\/maison-numerique.cpageom\/Normande\/contact\/\">Nous contacter<\/a><\/div>\n<\/div><div class=\"page-missions-col-33\"><img loading=\"lazy\" decoding=\"async\" class=\" wp-image-1276 aligncenter\" src=\"http:\/\/maison-numerique.com\/Normande\/wp-content\/uploads\/2015\/09\/visite-dentreprise.png\" alt=\"visite d'entreprise\" width=\"299\" height=\"199\" \/><\/p>\n<p class=\"p1\" style=\"text-align: center;\"><strong><span class=\"s1\">VISITE d\u2019entreprises, de r\u00e9alisations\u2026<\/span><\/strong><\/p>\n<p>&nbsp;<\/p>\n<p>&nbsp;<\/p>\n<div class=\"page-missions-content-grey\" style=\"text-align: center; border-radius: 7px; text-decoration: none;\"><a style=\"color: #fff; text-decoration: none;\" href=\"http:\/\/maison-numerique.com\/Normande\/contact\/\">Nous contacter<\/a><\/div>\n<\/div>\n<p>&nbsp;<\/p>\n<p style=\"text-align: center;\"><img decoding=\"async\" class=\"size-medium wp-image-2247 \" src=\"http:\/\/maison-numerique.com\/Normande\/wp-content\/uploads\/2016\/09\/d\u00e9monstrationEnergizer-300x225.jpg\" alt=\"demonstrationenergizer\" width=\"250px\" srcset=\"http:\/\/maison-numerique.com\/Normande\/wp-content\/uploads\/2016\/09\/d\u00e9monstrationEnergizer-300x225.jpg 300w, http:\/\/maison-numerique.com\/Normande\/wp-content\/uploads\/2016\/09\/d\u00e9monstrationEnergizer.jpg 320w\" sizes=\"(max-width: 300px) 100vw, 300px\" \/> <img decoding=\"async\" class=\"size-full wp-image-2246 \" src=\"http:\/\/maison-numerique.com\/Normande\/wp-content\/uploads\/2016\/09\/repasEnergizer.jpg\" alt=\"repasenergizer\" width=\"250px\" srcset=\"http:\/\/maison-numerique.com\/Normande\/wp-content\/uploads\/2016\/09\/repasEnergizer.jpg 320w, http:\/\/maison-numerique.com\/Normande\/wp-content\/uploads\/2016\/09\/repasEnergizer-300x225.jpg 300w\" sizes=\"(max-width: 320px) 100vw, 320px\" \/><\/p>\n<p style=\"text-align: center;\">S\u00e9minaire de <a href=\"http:\/\/maison-numerique.com\/Normande\/partenaire\/energizer\/\">notre adh\u00e9rent partenaire ENERGIZER<\/a><\/p>\n<p>&nbsp;<\/p>\n<p>&nbsp;<\/p>\n<div class=\"partenaire-grille-logos\" style=\"background-color: #9faec2; color: #fff; text-align: center;\">\n<p>N&#8217;h\u00e9sitez pas \u00e0 adh\u00e9rer \u00e0 l&#8217;association !<\/p>\n<div class=\"button-adherer\"><a href=\"http:\/\/maison-numerique.com\/Normande\/wp-content\/uploads\/2021\/11\/PHI14_BulletinAdhesion2021.pdf\">Adh\u00e9rer<\/a><\/div>\n<p><img loading=\"lazy\" decoding=\"async\" class=\"wp-image-2625 aligncenter\" src=\"http:\/\/maison-numerique.com\/Normande\/wp-content\/uploads\/2015\/09\/maison-domotique_homeGrande.jpg\" alt=\"\" width=\"599\" height=\"255\" srcset=\"http:\/\/maison-numerique.com\/Normande\/wp-content\/uploads\/2015\/09\/maison-domotique_homeGrande.jpg 1245w, http:\/\/maison-numerique.com\/Normande\/wp-content\/uploads\/2015\/09\/maison-domotique_homeGrande-300x128.jpg 300w, http:\/\/maison-numerique.com\/Normande\/wp-content\/uploads\/2015\/09\/maison-domotique_homeGrande-768x327.jpg 768w, http:\/\/maison-numerique.com\/Normande\/wp-content\/uploads\/2015\/09\/maison-domotique_homeGrande-1024x436.jpg 1024w\" sizes=\"auto, (max-width: 599px) 100vw, 599px\" \/><\/p>\n<p><sub>Cr\u00e9dit : L\u00e9a Piroux pour <a href=\"http:\/\/www.18h39.fr\/articles\/j-ai-teste-pour-vous-la-vie-dans-une-maison-ultra-connectee.html\" target=\"_blank\" rel=\"noopener noreferrer\">18h39.fr<\/a><\/sub><\/p>\n<\/div>\n<div class=\"partenaire-grille-logos\"><div class=\"page-missions-subtitle\">\u00a0<\/div><div class=\"page-missions-text\"><\/div>\n<\/div>\n<div class=\"partenaire-grille-logos\"><div class=\"page-missions-subtitle\">Pr\u00e9c\u00e9dent projet de l&#8217;association : un appartement connect\u00e9<\/div><div class=\"page-missions-text\"><\/div>\n<p><a href=\"http:\/\/maison-numerique.com\/Normande\/wp-content\/uploads\/2018\/03\/PHI-BD-1.pdf\" target=\"_blank\" rel=\"noopener\"><img decoding=\"async\" class=\"aligncenter wp-image-3039 size-large\" src=\"http:\/\/maison-numerique.com\/Normande\/wp-content\/uploads\/2018\/03\/espace-interactif-1024x703.jpg\" alt=\"\" width=\"1024\" srcset=\"http:\/\/maison-numerique.com\/Normande\/wp-content\/uploads\/2018\/03\/espace-interactif-1024x703.jpg 1024w, http:\/\/maison-numerique.com\/Normande\/wp-content\/uploads\/2018\/03\/espace-interactif-300x206.jpg 300w, http:\/\/maison-numerique.com\/Normande\/wp-content\/uploads\/2018\/03\/espace-interactif-768x527.jpg 768w, http:\/\/maison-numerique.com\/Normande\/wp-content\/uploads\/2018\/03\/espace-interactif.jpg 1113w\" sizes=\"(max-width: 1024px) 100vw, 1024px\" \/><\/a><br \/>\n<\/div>\n<div class=\"page-missions-text\">\n<img loading=\"lazy\" decoding=\"async\" class=\"alignnone wp-image-2439\" src=\"http:\/\/maison-numerique.com\/Normande\/wp-content\/uploads\/2015\/09\/MNC-sch\u00e9ma-PHG.png\" alt=\"mnc-schema-phg\" width=\"708\" height=\"450\" \/><br \/>\n<\/div>\n<div class=\"page-missions-subtitle\">L\u2019EXPERIENCE UTILISATEUR<\/div>\n<div class=\"page-missions-text\">La vocation d\u2019un Living Lab est de permettre aux entreprises de conna\u00eetre les r\u00e9actions des premiers utilisateurs. Qu\u2019il s\u2019agisse de syst\u00e8mes, de produits ou de services le Living Lab exp\u00e9rimente les usages avec des groupes d\u2019utilisateurs , choisi avec le fournisseur.<\/p>\n<p>\u00abL\u2019exp\u00e9rience utilisateur est la grande affaire du digital. Elle est consid\u00e9r\u00e9e comme l\u2019un des facteurs cl\u00e9s du succ\u00e8s d\u2019une application, d\u2019un logiciel ou d\u2019un service.\u00bb Par C\u00e9dric Menager, PDG Intuit France.<\/div>\n<div class=\"sep-half\"><\/div>\n<p style=\"text-align: justify;\"><div class=\"page-missions-subtitle\">Historique de la Maison Num\u00e9rique Normande<\/div>\n<div class=\"page-missions-text\">\n<p style=\"text-align: justify;\">Face \u00e0 un b\u00e2timent abandonn\u00e9, il faut avoir un\u00a0coup d\u2019\u0153il global. \u00c9valuer l\u2019importance du chantier avec l\u2019appui de professionnels dans chaque corps de m\u00e9tier. S\u2019entourer d\u2019un architecte-conseil, afin qu\u2019il r\u00e9alise un diagnostic sur le gros \u0153uvre, l\u2019\u00e9tat des poutres, et les possibilit\u00e9s de toucher \u00e0 la structure.<\/p>\n<p style=\"text-align: justify;\">Rapidement, nous avons d\u00fb bien isoler ce b\u00e2timent, car toute la chaleur s\u2019\u00e9chappait par le toit et les murs en torchis des \u00e9tages.<\/p>\n<p style=\"text-align: justify;\">Avant de consid\u00e9rer le num\u00e9rique, il a fallu examiner le b\u00e2timent. Avec l\u2019\u0153il du domoticien, de l\u2019expert habitu\u00e9 des chantiers. De l\u2019utilisateur qui a baign\u00e9 dans les probl\u00e8mes d\u2019installation, puis de maintenance.<br \/>\nDans un b\u00e2timent du XVIII<sup>e<\/sup> inhabit\u00e9, les technologies num\u00e9riques sont venues\u00a0irriguer et redonner vie \u00e0 l\u2019habitation de deux \u00e9tages.<\/p>\n<p><img loading=\"lazy\" decoding=\"async\" class=\"alignnone size-full wp-image-950\" src=\"http:\/\/maison-numerique.com\/Normande\/wp-content\/uploads\/2015\/09\/maison-numerique-etage.jpg\" alt=\"maison numerique etage\" width=\"304\" height=\"214\" \/><br \/>\n<\/div><div class=\"page-missions-content-grey\"><div class=\"page-missions-content-grey-subtitle\">Partir des besoins,<\/div><div class=\"page-missions-content-grey-text\">\n<p style=\"text-align: justify;\">Partir des besoins, telle a \u00e9t\u00e9 la ligne de conduite du projet Maison Num\u00e9rique.<\/p>\n<p><strong>Face aux difficult\u00e9s de c\u00e2blage<\/strong>, aux murs anciens, il a fallu\u00a0imaginer des solutions innovantes<\/p>\n<p>\u2013 Contr\u00f4le\/commande radio des installations d&#8217;\u00e9clairage \u00a0(protocole EnOcean)<\/p>\n<p>\u2013 R\u00e9seau Ethernet 12 prises utilisant les amplis CPL\/Wifi \u00a0( Devolo et Netgear)<\/p>\n<p style=\"padding-left: 60px;\">&gt; pilotage radio des 15 radiateurs par thermostats sans fil ( Honeywell)<\/p>\n<p style=\"padding-left: 60px;\">&gt; domotique MyFox<\/p>\n<p>Automatismes des ouvrants\/occultants ( Somfy\/Velux via Tahoma)<br \/>\n<strong>Face aux d\u00e9perditions calorifiques,<\/strong> il a fallu\u00a0intervenir efficacement .<br \/>\n<strong>Face \u00e0 l&#8217;isolation du site<\/strong>, il a fallu\u00a0trouver une s\u00e9curit\u00e9 adapt\u00e9e.<br \/>\n<\/div><\/div>\n<\/div><\/div><\/div>\n<div class=\"page-missions-lgrey-container\"><div class=\"page-missions-lgrey-content\"><div class=\"page-missions-lgrey-subtitle\">QUAND LES TECHNOLOGIES INNOVANTES<\/p>\n<p>PERMETTENT DE R\u00c9HABILITER UN B\u00c2TIMENT HISTORIQUE &#8230;<\/div><div class=\"missions-slider-container\"><div class=\"missions-slider\">\n<div class=\"missions-slide\"><img loading=\"lazy\" decoding=\"async\" class=\"alignnone size-full wp-image-1048\" src=\"http:\/\/maison-numerique.com\/Normande\/wp-content\/uploads\/2015\/09\/IMG_0328-1.jpeg\" alt=\"IMG_0328 (1)\" width=\"320\" height=\"240\" \/><\/div>\n<p>&nbsp;<\/p>\n<div class=\"missions-slide\"><img loading=\"lazy\" decoding=\"async\" class=\"alignnone size-full wp-image-1047\" src=\"http:\/\/maison-numerique.com\/Normande\/wp-content\/uploads\/2015\/09\/2015-05-04-14.28.52.jpeg\" alt=\"2015-05-04 14.28.52\" width=\"320\" height=\"240\" \/><\/div>\n<div class=\"missions-slide\"><img loading=\"lazy\" decoding=\"async\" class=\"alignnone size-full wp-image-1049\" src=\"http:\/\/maison-numerique.com\/Normande\/wp-content\/uploads\/2015\/09\/pose-des-spots.jpeg\" alt=\"pose des spots\" width=\"320\" height=\"240\" \/><\/div>\n<div class=\"missions-slide\"><img loading=\"lazy\" decoding=\"async\" class=\"alignnone size-full wp-image-1050\" src=\"http:\/\/maison-numerique.com\/Normande\/wp-content\/uploads\/2015\/09\/pose-led.jpg\" alt=\"pose led\" width=\"240\" height=\"320\" \/><\/div>\n<div class=\"missions-slide\"><img loading=\"lazy\" decoding=\"async\" class=\"alignnone size-full wp-image-1116\" src=\"http:\/\/maison-numerique.com\/Normande\/wp-content\/uploads\/2015\/09\/cablage-maison-numerique-2.jpg\" alt=\"cablage maison numerique 2\" width=\"240\" height=\"320\" \/><\/div>\n<div class=\"missions-slide\"><img loading=\"lazy\" decoding=\"async\" class=\"alignnone size-full wp-image-1118\" src=\"http:\/\/maison-numerique.com\/Normande\/wp-content\/uploads\/2015\/09\/cablage-maison-numerique.jpg\" alt=\"cablage maison numerique\" width=\"240\" height=\"320\" \/><\/div>\n<div class=\"missions-slide\"><img loading=\"lazy\" decoding=\"async\" class=\"alignnone size-full wp-image-1117\" src=\"http:\/\/maison-numerique.com\/Normande\/wp-content\/uploads\/2015\/09\/cablage-maison-numerique-3.jpg\" alt=\"cablage maison numerique 3\" width=\"240\" height=\"320\" \/><\/div>\n<div class=\"missions-slide\"><img loading=\"lazy\" decoding=\"async\" class=\"alignnone size-full wp-image-1188\" src=\"http:\/\/maison-numerique.com\/Normande\/wp-content\/uploads\/2015\/09\/pose-antenne.jpg\" alt=\"pose antenne\" width=\"240\" height=\"320\" \/><\/div>\n<div class=\"missions-slide\"><img loading=\"lazy\" decoding=\"async\" class=\"alignnone size-full wp-image-1189\" src=\"http:\/\/maison-numerique.com\/Normande\/wp-content\/uploads\/2015\/09\/cablage-des-batiments-et-exterieurs.jpg\" alt=\"cablage des batiments et exterieurs\" width=\"240\" height=\"320\" \/><\/div>\n<div class=\"missions-slide\"><img loading=\"lazy\" decoding=\"async\" class=\"alignnone wp-image-1236 \" src=\"http:\/\/maison-numerique.com\/Normande\/wp-content\/uploads\/2015\/09\/IMG_1081-e1447058849450.jpg\" alt=\"IMG_1081\" width=\"258\" height=\"345\" \/><\/div>\n<div class=\"missions-slide\"><img loading=\"lazy\" decoding=\"async\" class=\"alignnone wp-image-1386\" src=\"http:\/\/maison-numerique.com\/Normande\/wp-content\/uploads\/2015\/09\/IMG_0716.jpg\" alt=\"IMG_0716\" width=\"259\" height=\"347\" \/><\/div>\n<div class=\"missions-slide\"><img loading=\"lazy\" decoding=\"async\" class=\"alignnone wp-image-1387\" src=\"http:\/\/maison-numerique.com\/Normande\/wp-content\/uploads\/2015\/09\/IMG_0720.jpg\" alt=\"IMG_0720\" width=\"260\" height=\"194\" \/><\/div>\n<div class=\"missions-slide\"><img loading=\"lazy\" decoding=\"async\" class=\"alignnone size-full wp-image-1440\" src=\"http:\/\/maison-numerique.com\/Normande\/wp-content\/uploads\/2015\/11\/2015-03-13-12.41.28-e1445006305551.jpg\" alt=\"2015-03-13-12.41.28-e1445006305551\" width=\"280\" height=\"209\" \/><\/div>\n<div class=\"missions-slide\"><img loading=\"lazy\" decoding=\"async\" class=\"alignnone wp-image-958\" src=\"http:\/\/maison-numerique.com\/Normande\/wp-content\/uploads\/2015\/09\/2015-03-13-12.57.34-e1445006345290.jpg\" alt=\"2015-03-13 12.57.34\" width=\"274\" height=\"205\" \/><\/div>\n<div class=\"missions-slide\"><img loading=\"lazy\" decoding=\"async\" class=\"alignnone size-full wp-image-960\" src=\"http:\/\/maison-numerique.com\/Normande\/wp-content\/uploads\/2015\/09\/okidokeys-pose-6-e1445006501300.jpg\" alt=\"okidokeys pose 6\" width=\"188\" height=\"250\" \/><\/div>\n<div class=\"missions-slide\"><img loading=\"lazy\" decoding=\"async\" class=\"alignnone size-full wp-image-961\" src=\"http:\/\/maison-numerique.com\/Normande\/wp-content\/uploads\/2015\/09\/Okidokeys-pose2-e1445006601197.jpg\" alt=\"Okidokeys pose2\" width=\"250\" height=\"333\" \/><\/div>\n<div class=\"missions-slide\"><img loading=\"lazy\" decoding=\"async\" class=\"alignnone size-full wp-image-996\" src=\"http:\/\/maison-numerique.com\/Normande\/wp-content\/uploads\/2015\/09\/Preparation-d\u2019une-analyse-infrarouge-du-batiment.jpg\" alt=\"Preparation d\u2019une analyse infrarouge du batiment\" width=\"240\" height=\"320\" \/><\/div>\n<div class=\"missions-slider-left\"><img decoding=\"async\" src=\"http:\/\/maison-numerique.com\/Normande\/wp-content\/themes\/maisonnum\/images\/slider-arrow-left.png\" alt=\"slide left\"><\/div><div class=\"missions-slider-right\"><img decoding=\"async\" src=\"http:\/\/maison-numerique.com\/Normande\/wp-content\/themes\/maisonnum\/images\/slider-arrow-right.png\" alt=\"slide right\"><\/div><\/div><\/div><\/div><\/div>\n<div style=\"text-align: center; padding: 40px 0px;\"><iframe loading=\"lazy\" src=\"https:\/\/www.youtube.com\/embed\/NV6KL-EIKbg\" width=\"350\" height=\"262\" frameborder=\"0\" allowfullscreen=\"allowfullscreen\"><\/iframe><\/div>\n","protected":false},"excerpt":{"rendered":"NOS OFFRESNOS OFFRES Vocation de la Maison Num\u00e9rique Connect\u00e9e Normande Organisation de s\u00e9minaires Banc d'essai et tests de\u00a0fonctionnalit\u00e9, d'ergonomie, de design Mise en relation de l'offre et de la demande tout en assurant les d\u00e9monstrations Aide \u00e0 la formation des professionnels Promotion des startups fran\u00e7aises innovantes Financement des projets Focus groups &nbsp; Organisation de s\u00e9minaire [...]","protected":false},"author":1,"featured_media":0,"parent":0,"menu_order":0,"comment_status":"closed","ping_status":"closed","template":"page-missions.php","meta":{"_monsterinsights_skip_tracking":false,"_monsterinsights_sitenote_active":false,"_monsterinsights_sitenote_note":"","_monsterinsights_sitenote_category":0,"footnotes":""},"class_list":["post-638","page","type-page","status-publish","hentry"],"_links":{"self":[{"href":"http:\/\/maison-numerique.com\/Normande\/wp-json\/wp\/v2\/pages\/638","targetHints":{"allow":["GET"]}}],"collection":[{"href":"http:\/\/maison-numerique.com\/Normande\/wp-json\/wp\/v2\/pages"}],"about":[{"href":"http:\/\/maison-numerique.com\/Normande\/wp-json\/wp\/v2\/types\/page"}],"author":[{"embeddable":true,"href":"http:\/\/maison-numerique.com\/Normande\/wp-json\/wp\/v2\/users\/1"}],"replies":[{"embeddable":true,"href":"http:\/\/maison-numerique.com\/Normande\/wp-json\/wp\/v2\/comments?post=638"}],"version-history":[{"count":77,"href":"http:\/\/maison-numerique.com\/Normande\/wp-json\/wp\/v2\/pages\/638\/revisions"}],"predecessor-version":[{"id":2328,"href":"http:\/\/maison-numerique.com\/Normande\/wp-json\/wp\/v2\/pages\/638\/revisions\/2328"}],"wp:attachment":[{"href":"http:\/\/maison-numerique.com\/Normande\/wp-json\/wp\/v2\/media?parent=638"}],"curies":[{"name":"wp","href":"https:\/\/api.w.org\/{rel}","templated":true}]}}